{"id":1129,"date":"2024-08-16T20:57:47","date_gmt":"2024-08-16T18:57:47","guid":{"rendered":"https:\/\/www.ekt-galvanistrasse.de\/ekt\/?page_id=1129"},"modified":"2024-08-16T20:57:48","modified_gmt":"2024-08-16T18:57:48","slug":"werde-teil-des-teams","status":"publish","type":"page","link":"https:\/\/www.ekt-galvanistrasse.de\/ekt\/?page_id=1129","title":{"rendered":"Werde Teil des Teams"},"content":{"rendered":"\n<p><strong>Praktikum machen<\/strong><br>Wir sind immer auf der Suche nach interessierten Praktikanten, nehmt hierf\u00fcr direkt Kontakt mit <a href=\"mailto:info@ekt-galvanistrasse.de,vorstand@ekt-galvanistrasse.de\">dem Team und dem Vorstand<\/a> auf.<\/p>\n\n\n\n<p><strong>BuFDi (Bundesfreiwilligendienst)<\/strong><br>Wir haben regelm\u00e4\u00dfig freie Pl\u00e4tze f\u00fcr BuFDis, auch wenn wir momentan nicht auf der Suche sind. Ihr k\u00f6nnt ihr euch dennoch gerne bei uns <a href=\"mailto:info@ekt-galvanistrasse.de,vorstand@ekt-galvanistrasse.de\">melden<\/a>.<\/p>\n\n\n\n<p><strong>Vollzeitmitarbeiter\/in<\/strong><br>Unser Team ist zur Zeit voll besetzt, aber gerne nehmen wir dennoch Bewerbungen entgegen. Meldet euch hierf\u00fcr per <a href=\"mailto:info@ekt-galvanistrasse.de,vorstand@ekt-galvanistrasse.de\">Mail<\/a> bei uns.<\/p>\n\n\n\n<p><strong>Aushilfe\/Minijob<\/strong><br>Unser Team ist zur Zeit voll besetzt, aber gerne nehmen wir dennoch Bewerbungen entgegen. Meldet euch hierf\u00fcr per <a href=\"mailto:info@ekt-galvanistrasse.de,vorstand@ekt-galvanistrasse.de\">Mail<\/a> bei uns.<\/p>\n","protected":false},"excerpt":{"rendered":"<p>Praktikum machenWir sind immer auf der Suche nach interessierten Praktikanten, nehmt hierf\u00fcr direkt Kontakt mit dem Team und dem Vorstand auf. BuFDi (Bundesfreiwilligendienst)Wir haben regelm\u00e4\u00dfig freie Pl\u00e4tze f\u00fcr BuFDis, auch wenn wir momentan nicht auf der Suche sind. Ihr k\u00f6nnt ihr euch dennoch gerne bei uns melden. Vollzeitmitarbeiter\/inUnser Team ist zur Zeit voll besetzt, aber &hellip; <\/p>\n<p class=\"link-more\"><a href=\"https:\/\/www.ekt-galvanistrasse.de\/ekt\/?page_id=1129\" class=\"more-link\"><span class=\"screen-reader-text\">\u201eWerde Teil des Teams\u201c<\/span> weiterlesen<\/a><\/p>\n","protected":false},"author":1,"featured_media":0,"parent":0,"menu_order":0,"comment_status":"closed","ping_status":"closed","template":"","meta":{"footnotes":""},"class_list":["post-1129","page","type-page","status-publish","hentry"],"_links":{"self":[{"href":"https:\/\/www.ekt-galvanistrasse.de\/ekt\/index.php?rest_route=\/wp\/v2\/pages\/1129","targetHints":{"allow":["GET"]}}],"collection":[{"href":"https:\/\/www.ekt-galvanistrasse.de\/ekt\/index.php?rest_route=\/wp\/v2\/pages"}],"about":[{"href":"https:\/\/www.ekt-galvanistrasse.de\/ekt\/index.php?rest_route=\/wp\/v2\/types\/page"}],"author":[{"embeddable":true,"href":"https:\/\/www.ekt-galvanistrasse.de\/ekt\/index.php?rest_route=\/wp\/v2\/users\/1"}],"replies":[{"embeddable":true,"href":"https:\/\/www.ekt-galvanistrasse.de\/ekt\/index.php?rest_route=%2Fwp%2Fv2%2Fcomments&post=1129"}],"version-history":[{"count":1,"href":"https:\/\/www.ekt-galvanistrasse.de\/ekt\/index.php?rest_route=\/wp\/v2\/pages\/1129\/revisions"}],"predecessor-version":[{"id":1130,"href":"https:\/\/www.ekt-galvanistrasse.de\/ekt\/index.php?rest_route=\/wp\/v2\/pages\/1129\/revisions\/1130"}],"wp:attachment":[{"href":"https:\/\/www.ekt-galvanistrasse.de\/ekt\/index.php?rest_route=%2Fwp%2Fv2%2Fmedia&parent=1129"}],"curies":[{"name":"wp","href":"https:\/\/api.w.org\/{rel}","templated":true}]}}