{"id":13,"date":"2020-03-21T15:52:21","date_gmt":"2020-03-21T14:52:21","guid":{"rendered":"http:\/\/www.ekt-galvanistrasse.de\/ekt\/?page_id=13"},"modified":"2024-02-26T21:20:35","modified_gmt":"2024-02-26T20:20:35","slug":"erzieherinnen","status":"publish","type":"page","link":"https:\/\/www.ekt-galvanistrasse.de\/ekt\/?page_id=13","title":{"rendered":"Team"},"content":{"rendered":"\n<p> <strong>Sonja<\/strong><\/p>\n\n\n\n<p>\n\tSeit September 1993 arbeite ich im Kinderladen Galvanistra\u00dfe. Ich \nabsolvierte gerade mein Anerkennungsjahr als Kinderpflegerin, als \npl\u00f6tzlich eine Stelle frei wurde, die mir auch noch angeboten wurde. Da \nich vollkommen hinter dem Konzept, der p\u00e4dagogischen Arbeitsweise von \nDreikurs und der Individualpsychochologie sowie der Betreuung in \naltershomogenen Gruppen stehe, konnte ich gar nicht anders als Ja! zu \nsagen. Mittlerweile sind wir so ein eingespieltes Team, dass ich immer \nnoch gerne und hochmotiviert hier arbeite.<br>\n\tIn den Jahren habe ich auch viele Fortbildungen absolviert, unter \nanderem eine Montessoriefortbildung mit Zertifikat und alle zwei Jahre \neinen Erste-Hilfe-Kurs speziell f\u00fcr Kinder.<br>\n\tIch bin humorvoll, spa\u00dfig, lustig, kuschelig und ein echter Kumpel f\u00fcr \ndie Kids, aber auch eine Vertrauens- und Respektsperson f\u00fcr die Kinder \nund Eltern.<br>\n\tAlles in allem macht mir die Arbeit mit den Eltern und Kindern einen \nRiesenspa\u00df trotz einiger ohrenbet\u00e4ubender Tage. Ich habe es bisher nie \nbereut, mir diesen Beruf ausgesucht zu haben. Ich freue mich, auch Euch \nbald mal kennen zu lernen.<br>\n\t&nbsp;<\/p>\n\n\n\n<p>\n\t<strong>Gesine<br>\n\t<\/strong><\/p>\n\n\n\n<p> Ich bin seit August 1995 in diesem Kinderladen t\u00e4tig. Zuvor habe ich  einige Jahre in einer staatlichen Einrichtung sowohl im Krippen- als  auch im Kindergartenbereich gearbeitet. Somit habe ich durch diese  verschiedenen Arbeitsweisen besonders die Kinderladenarbeit sch\u00e4tzen und  lieben gelernt.<br> <br> Ich bin selbst Mutter eines Sohnes, der ebenfalls einen Kinderladen  besucht hat. So kann ich auch die W\u00fcnsche und Belange der Elternseite  gut verstehen und nachvollziehen.<br> <br> Ich bin offen f\u00fcr Weiterbildungen, besonders was die Projektarbeit  betrifft. 2006 habe ich schon Fortbildungen zum Thema &#8220; Jungen&#8220; , &#8220;  Musik und Rhythmik&#8220; und &#8222;Elternarbeit&#8220; besucht.<br> <br> In meiner Freizeit fotografiere ich sehr gern. Au\u00dferdem bin ich  besonders oft in der Natur. Hier kann ich mich am besten entspannen und  erholen. Gelegentlich gehe ich auch ins Kino, am Abend lese ich dann  B\u00fccher.<br> <br> Da ich schon \u00fcber einen sehr langen Zeitraum mit meiner Kollegin  zusammenarbeite, herrscht eine entspannte und ausgeglichene Atmosph\u00e4re  in der Gruppe, was vor allem den Kindern zu gute kommt. Mir macht die  Arbeit mit Kindern sehr gro\u00dfen Spa\u00df und da ich schon lange als  Erzieherin t\u00e4tig bin, kann ich auf viel Erfahrung zur\u00fcckgreifen was die  Entwicklung und F\u00f6rderung von Kindern betrifft.<br><\/p>\n\n\n\n<p><strong>Arvid<\/strong><\/p>\n\n\n\n<p>Vorstellung folgt<\/p>\n\n\n\n<p><strong>Hajo<\/strong><\/p>\n\n\n\n<p> Vorstellung folgt <\/p>\n","protected":false},"excerpt":{"rendered":"<p>Sonja Seit September 1993 arbeite ich im Kinderladen Galvanistra\u00dfe. Ich absolvierte gerade mein Anerkennungsjahr als Kinderpflegerin, als pl\u00f6tzlich eine Stelle frei wurde, die mir auch noch angeboten wurde. Da ich vollkommen hinter dem Konzept, der p\u00e4dagogischen Arbeitsweise von Dreikurs und der Individualpsychochologie sowie der Betreuung in altershomogenen Gruppen stehe, konnte ich gar nicht anders als &hellip; <\/p>\n<p class=\"link-more\"><a href=\"https:\/\/www.ekt-galvanistrasse.de\/ekt\/?page_id=13\" class=\"more-link\"><span class=\"screen-reader-text\">\u201eTeam\u201c<\/span> weiterlesen<\/a><\/p>\n","protected":false},"author":1,"featured_media":0,"parent":0,"menu_order":0,"comment_status":"closed","ping_status":"closed","template":"","meta":{"footnotes":""},"class_list":["post-13","page","type-page","status-publish","hentry"],"_links":{"self":[{"href":"https:\/\/www.ekt-galvanistrasse.de\/ekt\/index.php?rest_route=\/wp\/v2\/pages\/13","targetHints":{"allow":["GET"]}}],"collection":[{"href":"https:\/\/www.ekt-galvanistrasse.de\/ekt\/index.php?rest_route=\/wp\/v2\/pages"}],"about":[{"href":"https:\/\/www.ekt-galvanistrasse.de\/ekt\/index.php?rest_route=\/wp\/v2\/types\/page"}],"author":[{"embeddable":true,"href":"https:\/\/www.ekt-galvanistrasse.de\/ekt\/index.php?rest_route=\/wp\/v2\/users\/1"}],"replies":[{"embeddable":true,"href":"https:\/\/www.ekt-galvanistrasse.de\/ekt\/index.php?rest_route=%2Fwp%2Fv2%2Fcomments&post=13"}],"version-history":[{"count":18,"href":"https:\/\/www.ekt-galvanistrasse.de\/ekt\/index.php?rest_route=\/wp\/v2\/pages\/13\/revisions"}],"predecessor-version":[{"id":1090,"href":"https:\/\/www.ekt-galvanistrasse.de\/ekt\/index.php?rest_route=\/wp\/v2\/pages\/13\/revisions\/1090"}],"wp:attachment":[{"href":"https:\/\/www.ekt-galvanistrasse.de\/ekt\/index.php?rest_route=%2Fwp%2Fv2%2Fmedia&parent=13"}],"curies":[{"name":"wp","href":"https:\/\/api.w.org\/{rel}","templated":true}]}}