{"id":15,"date":"2020-03-21T15:52:21","date_gmt":"2020-03-21T14:52:21","guid":{"rendered":"http:\/\/www.ekt-galvanistrasse.de\/ekt\/?page_id=15"},"modified":"2024-08-16T21:00:16","modified_gmt":"2024-08-16T19:00:16","slug":"kontakt","status":"publish","type":"page","link":"https:\/\/www.ekt-galvanistrasse.de\/ekt\/?page_id=15","title":{"rendered":"Kontakt"},"content":{"rendered":"\n<h3 class=\"wp-block-heading\"> <\/h3>\n\n\n\n<p>\n\t<strong>Der Kinderladen ist in einer Seitenstra\u00dfe an der Spree gelegen.<\/strong><br>\n\t<br>\n\tEKT Galvanista\u00dfe 14 e.V.<br>\n\tGalvanistra\u00dfe 14<br>\n\t10587 Berlin<br>\n\t<br>\n\t<strong>Telefon: 030 &#8211; 342 51 11<\/strong><br>\n\t<br>\n\tAnsprechpartner: Sonja Nardenbach<\/p>\n\n\n\n<p><a href=\"mailto:info@ekt-galvanistrasse.de\">E-Mail<\/a><br> <br> Vorstand:\u00a0<\/p>\n\n\n\n<p><a href=\"mailto:vorstand@ekt-galvanistrasse.de\">E-Mail<\/a><br> <br> Vereinsregister Amtsgericht Charlottenburg<br> VR 8836 B<\/p>\n\n\n\n<p>\n\tKontoverbindung:\n\n\tIBAN: DE80 10050000 0710024355\n\n\tBIC: BELADEBEXXX\n\n\tLandesbank Berlin &#8211; Berliner Sparkasse <\/p>\n","protected":false},"excerpt":{"rendered":"<p>Der Kinderladen ist in einer Seitenstra\u00dfe an der Spree gelegen. EKT Galvanista\u00dfe 14 e.V. Galvanistra\u00dfe 14 10587 Berlin Telefon: 030 &#8211; 342 51 11 Ansprechpartner: Sonja Nardenbach E-Mail Vorstand:\u00a0 E-Mail Vereinsregister Amtsgericht Charlottenburg VR 8836 B Kontoverbindung: IBAN: DE80 10050000 0710024355 BIC: BELADEBEXXX Landesbank Berlin &#8211; Berliner Sparkasse<\/p>\n","protected":false},"author":1,"featured_media":0,"parent":0,"menu_order":0,"comment_status":"closed","ping_status":"closed","template":"","meta":{"footnotes":""},"class_list":["post-15","page","type-page","status-publish","hentry"],"_links":{"self":[{"href":"https:\/\/www.ekt-galvanistrasse.de\/ekt\/index.php?rest_route=\/wp\/v2\/pages\/15","targetHints":{"allow":["GET"]}}],"collection":[{"href":"https:\/\/www.ekt-galvanistrasse.de\/ekt\/index.php?rest_route=\/wp\/v2\/pages"}],"about":[{"href":"https:\/\/www.ekt-galvanistrasse.de\/ekt\/index.php?rest_route=\/wp\/v2\/types\/page"}],"author":[{"embeddable":true,"href":"https:\/\/www.ekt-galvanistrasse.de\/ekt\/index.php?rest_route=\/wp\/v2\/users\/1"}],"replies":[{"embeddable":true,"href":"https:\/\/www.ekt-galvanistrasse.de\/ekt\/index.php?rest_route=%2Fwp%2Fv2%2Fcomments&post=15"}],"version-history":[{"count":3,"href":"https:\/\/www.ekt-galvanistrasse.de\/ekt\/index.php?rest_route=\/wp\/v2\/pages\/15\/revisions"}],"predecessor-version":[{"id":1131,"href":"https:\/\/www.ekt-galvanistrasse.de\/ekt\/index.php?rest_route=\/wp\/v2\/pages\/15\/revisions\/1131"}],"wp:attachment":[{"href":"https:\/\/www.ekt-galvanistrasse.de\/ekt\/index.php?rest_route=%2Fwp%2Fv2%2Fmedia&parent=15"}],"curies":[{"name":"wp","href":"https:\/\/api.w.org\/{rel}","templated":true}]}}