{"id":44,"date":"2020-03-21T16:40:03","date_gmt":"2020-03-21T15:40:03","guid":{"rendered":"http:\/\/www.ekt-galvanistrasse.de\/ekt\/?page_id=44"},"modified":"2025-03-30T14:12:00","modified_gmt":"2025-03-30T12:12:00","slug":"konzept","status":"publish","type":"page","link":"https:\/\/www.ekt-galvanistrasse.de\/ekt\/?page_id=44","title":{"rendered":"Konzept"},"content":{"rendered":"\n<h4 class=\"wp-block-heading\">\u00d6ffnungs- und Schlie\u00dfzeiten<\/h4>\n\n\n<p>Montags bis Freitags von 07.30 Uhr bis 16.30 Uhr. Zwei Wochen Schlie\u00dfzeit w\u00e4hrend der Sommerschulferien und \u00fcber die Weihnachtsfeiertage.<\/p>\n<p><!-- \/wp:post-content --><\/p>\n<p><!-- wp:heading {\"level\":4} --><\/p>\n<h4>Tagsablauf<\/h4>\n<p><!-- \/wp:heading --><\/p>\n<p><!-- wp:table {\"align\":\"center\",\"className\":\"is-style-stripes\"} --><\/p>\n<figure class=\"wp-block-table aligncenter is-style-stripes\">\n<table>\n<tbody>\n<tr>\n<td class=\"has-text-align-center\" data-align=\"center\">07.30\/09.00<\/td>\n<td>Bringzeit<\/td>\n<\/tr>\n<tr>\n<td class=\"has-text-align-center\" data-align=\"center\">09.00\/09.30<\/td>\n<td>Fr\u00fchst\u00fcck<\/td>\n<\/tr>\n<tr>\n<td class=\"has-text-align-center\" data-align=\"center\">10:00<\/td>\n<td>Morgenkreis in getrennten Gruppen<\/td>\n<\/tr>\n<tr>\n<td class=\"has-text-align-center\" data-align=\"center\">10.30\/11.30<\/td>\n<td>Freispiel, Angebote, Garten, Spielplatz, Ausfl\u00fcge<\/td>\n<\/tr>\n<tr>\n<td class=\"has-text-align-center\" data-align=\"center\">11.30\/12.00<\/td>\n<td>Mittagessen<\/td>\n<\/tr>\n<tr>\n<td class=\"has-text-align-center\" data-align=\"center\">13.00\/13.45<\/td>\n<td>Mittagsruhe\/Mittagsschlaf<\/td>\n<\/tr>\n<tr>\n<td class=\"has-text-align-center\" data-align=\"center\">15.00<\/td>\n<td>Vesper<\/td>\n<\/tr>\n<tr>\n<td class=\"has-text-align-center\" data-align=\"center\">15.00\/16.30<\/td>\n<td>Abholzeit<\/td>\n<\/tr>\n<\/tbody>\n<\/table>\n<\/figure>\n<p><!-- \/wp:table --><\/p>\n<p><!-- wp:heading {\"level\":4} --><\/p>\n<h4>Jahresstruktur<\/h4>\n<p><!-- \/wp:heading --><\/p>\n<p><!-- wp:paragraph --><\/p>\n<p>Unser Kitajahr wird beeinflusst durch:<br>&#8211; Feste (Fasching, Ostern, Sommerfest, St. Martin, Weihnachtsfest)<br>&#8211; den Wechsel der Jahreszeiten <br>&#8211; besondere Ereignisse (Geburtstage, Einschulung, Familienzuwachs)<\/p>\n<p><!-- \/wp:paragraph --><\/p>\n<p><!-- wp:heading {\"level\":4} --><\/p>\n<h4>Konzept<\/h4>\n<p><!-- \/wp:heading --><\/p>\n<p><!-- wp:paragraph --><\/p>\n<p>Wir arbeiten nach einem individual-psychologischem Konzept, das wir seit der Gr\u00fcndung des Kinderladens 1978 st\u00e4ndig weiterentwickelt haben und das sich bew\u00e4hrt hat.<\/p>\n<p>Im Alter von 1 &#8211; 2 Jahren kommen die Kinder in unseren Laden und bleiben nach M\u00f6glichkeit bis zur Einschulung zusammen. Selbstverst\u00e4ndlich werden sie in dieser Zeit weder die Erzieherinnen noch die R\u00e4ume wechseln. So k\u00f6nnen die Kinder ihrem Alter und ihren F\u00e4higkeiten entsprechend gezielt gef\u00f6rdert und unterst\u00fctzt werden.<br>&nbsp;<\/p>\n<p><!-- \/wp:paragraph --><\/p>\n<p><!-- wp:paragraph --><\/p>\n<p>Die Kinder haben die M\u00f6glichkeit, sich im freien Spiel und bei vielf\u00e4ltigen<br>Aktivit\u00e4ten zu entfalten. Im Rahmen von Projekten werden Themen wie<br>Gef\u00fchle, Naturelemente oder der menschliche K\u00f6rper \u00fcber einen l\u00e4ngeren<br>Zeitraum behandelt. Die Erzieherinnen diskutieren das jeweilige Thema<br>bei Stuhlkreisgespr\u00e4chen, lesen B\u00fccher, werken, basteln und unternehmen<br>Ausfl\u00fcge. So erfahren die Kinder Neues und lernen, sich mit dem Neuen<br>auseinanderzusetzen.<\/p>\n<p>Einmal w\u00f6chentlich bieten wir musikalische Fr\u00fcherziehung an. Au\u00dferdem<br>unternehmen wir Theater- und Museumsbesuche sowie andere Ausfl\u00fcge.<\/p>\n<p>In unserem Betreuungsangebot stehen die individuellen Bed\u00fcrfnisse der<br>Kinder, ihre Entwicklung und Reife im Vordergrund; ruhebed\u00fcrftige Kinder<br>erhalten Ruhe und bewegungsfreudige Bewegung.<\/p>\n<p><!-- \/wp:paragraph --><\/p>\n<p><!-- wp:paragraph --><\/p>\n<p><strong>Unser Konzept in Langform mit allumfassenden Informationen rund um unseren Kinderladen k\u00f6nnen Sie sich hier herunterladen:<\/strong><br><br><br><strong>TBD<\/strong><\/p>\n<p>Wie es Ihrem Kind in der Gruppe geht oder wie es sich entwickelt, erfahren Sie w\u00e4hrend der regelm\u00e4\u00dfig stattfindenden Elternabende oder in Einzelgespr\u00e4chen.<\/p>\n<p>Au\u00dferdem bieten wir individuelle Erziehungsberatungen durch fachausgebildetes Personal an.<\/p>\n<p>An den Elternabenden geht es des weiteren um Anregung und Kritik, L\u00f6sung organisatorischer Fragen, p\u00e4dagogische Beratung und das Vorstellen neuer Projekte Projekte f\u00fcr die Kinder.<\/p>\n<p>In der Gruppengemeinschaft lernen die Kinder, sich selbst unterschiedlich wahrzunehmen, R\u00fccksicht auf die Gef\u00fchle und W\u00fcnsche der anderen zu nehmen, aber auch die eigenen Vorstellungen und Interessen zu vertreten.<br>&nbsp;<\/p>\n<p><!-- \/wp:paragraph --><\/p>\n<p><!-- wp:paragraph --><\/p>\n<p>Wir wollen die Kinder gest\u00e4rkt aus dem gesch\u00fctzten Raum des<br>Kinderladens in die Schule \u00fcberwechseln lassen. Um das zu erreichen,<br>arbeiten wir nach einem individual- psychologischem Konzept.<br>Dabei orientieren wir uns an den Grundlagen von Adler und Dreikurs. Das<br>bedeutet: liebevolles Eingehen auf das einzelne Kind, Gruppenregeln,<br>Ermutigung und Konsequenz. Wir bieten den Kindern Hilfestellungen, um<br>selbst\u00e4ndig und selbstbewusst zu werden.<\/p>\n<p>Selbstvertrauen: Jedes einzelne Kind wird ermutigt, an seine F\u00e4higkeiten und Kr\u00e4fte zu glauben.<\/p>\n<p>Selbst\u00e4ndigkeit: Wir ermutigen und unterst\u00fctzen das Kind f\u00fcr sich<br>selbst zu sorgen: anziehen, essen, Konflikte l\u00f6sen, eigene Bed\u00fcrfnisse<br>und W\u00fcnsche artikulieren.<\/p>\n<p>Gruppe: Sie ist eine Gemeinschaft, in der es gewisse Ordnungen und<br>Regeln gibt, die das Zusammenleben erleichtern. Jeder in der Gruppe<br>(Erzieherinnen und Kinder) ist gleichwertig, wird geachtet und leistet<br>Beitr\u00e4ge f\u00fcr die Gemeinschaft (aufr\u00e4umen, Tischdienst).<br>&nbsp;<\/p>\n<p><!-- \/wp:paragraph --><\/p>","protected":false},"excerpt":{"rendered":"<p>\u00d6ffnungs- und Schlie\u00dfzeiten Montags bis Freitags von 07.30 Uhr bis 16.30 Uhr. Zwei Wochen Schlie\u00dfzeit w\u00e4hrend der Sommerschulferien und \u00fcber die Weihnachtsfeiertage. Tagsablauf 07.30\/09.00 Bringzeit 09.00\/09.30 Fr\u00fchst\u00fcck 10:00 Morgenkreis in getrennten Gruppen 10.30\/11.30 Freispiel, Angebote, Garten, Spielplatz, Ausfl\u00fcge 11.30\/12.00 Mittagessen 13.00\/13.45 Mittagsruhe\/Mittagsschlaf 15.00 Vesper 15.00\/16.30 Abholzeit Jahresstruktur Unser Kitajahr wird beeinflusst durch:&#8211; Feste (Fasching, Ostern, &hellip; <\/p>\n<p class=\"link-more\"><a href=\"https:\/\/www.ekt-galvanistrasse.de\/ekt\/?page_id=44\" class=\"more-link\"><span class=\"screen-reader-text\">\u201eKonzept\u201c<\/span> weiterlesen<\/a><\/p>\n","protected":false},"author":1,"featured_media":0,"parent":0,"menu_order":0,"comment_status":"closed","ping_status":"closed","template":"","meta":{"footnotes":""},"class_list":["post-44","page","type-page","status-publish","hentry"],"_links":{"self":[{"href":"https:\/\/www.ekt-galvanistrasse.de\/ekt\/index.php?rest_route=\/wp\/v2\/pages\/44","targetHints":{"allow":["GET"]}}],"collection":[{"href":"https:\/\/www.ekt-galvanistrasse.de\/ekt\/index.php?rest_route=\/wp\/v2\/pages"}],"about":[{"href":"https:\/\/www.ekt-galvanistrasse.de\/ekt\/index.php?rest_route=\/wp\/v2\/types\/page"}],"author":[{"embeddable":true,"href":"https:\/\/www.ekt-galvanistrasse.de\/ekt\/index.php?rest_route=\/wp\/v2\/users\/1"}],"replies":[{"embeddable":true,"href":"https:\/\/www.ekt-galvanistrasse.de\/ekt\/index.php?rest_route=%2Fwp%2Fv2%2Fcomments&post=44"}],"version-history":[{"count":10,"href":"https:\/\/www.ekt-galvanistrasse.de\/ekt\/index.php?rest_route=\/wp\/v2\/pages\/44\/revisions"}],"predecessor-version":[{"id":1963,"href":"https:\/\/www.ekt-galvanistrasse.de\/ekt\/index.php?rest_route=\/wp\/v2\/pages\/44\/revisions\/1963"}],"wp:attachment":[{"href":"https:\/\/www.ekt-galvanistrasse.de\/ekt\/index.php?rest_route=%2Fwp%2Fv2%2Fmedia&parent=44"}],"curies":[{"name":"wp","href":"https:\/\/api.w.org\/{rel}","templated":true}]}}