{"id":49,"date":"2020-03-21T16:49:35","date_gmt":"2020-03-21T15:49:35","guid":{"rendered":"http:\/\/www.ekt-galvanistrasse.de\/ekt\/?page_id=49"},"modified":"2023-10-23T21:25:48","modified_gmt":"2023-10-23T19:25:48","slug":"49-2","status":"publish","type":"page","link":"https:\/\/www.ekt-galvanistrasse.de\/ekt\/","title":{"rendered":""},"content":{"rendered":"\n<h2 class=\"wp-block-heading\"><strong>Herzlich Willkommen in unserem Kinderladen in der Galvanistra\u00dfe 14!<\/strong><\/h2>\n\n\n\n<p><strong>wir sind eine Eltern-Kindertagesst\u00e4tte&#8230;&nbsp;<\/strong><\/p>\n\n\n\n<p>&#8230; mit zwei altershomogene Gruppen von je 10 bis 13 Kindern, die von unserem Team aus vier Erzieher\/innen und  zwei Praktikant\/innen betreut werden.<\/p>\n\n\n\n<p>Als EKT (Eltern-Kindertagsst\u00e4tte) sind wir elternorganisiert, d.h. die Eltern tragen die Verantwortung f\u00fcr alles, was neben der Betreuung der Kinder anf\u00e4llt. Themen wie Personal, Finanzierung, Wahl des Vorstandes, Aus\u00fcbung der Vorstandst\u00e4tigkeit und weitere organisatorische Angelegenheiten werden in Mitgliederversammlungen diskutiert und beschlossen.<\/p>\n\n\n\n<h3 class=\"wp-block-heading\">\n\tDer Kinderladen<\/h3>\n\n\n\n<p> <strong>1980 bis heute \u00a0&#8211;\u00a0 Mehr als 40 Jahre EKT Galvanistrasse 14 e.V. <\/strong><br> <br> Unser Kinderladen in Berlin-Charlottenburg (U-Bahn Richard-Wagner  Platz) besteht aus zwei kleinen, altershomogenen Gruppen, vier  Erzieher\/innen, zwei BufDis (Bundesfreiwilligendienstler\/innen), zwei Aushilfen und einer K\u00fcchenhilfe. Wir bieten einen gro\u00dfz\u00fcgigen  Betreuungsschl\u00fcssel, einen gro\u00dfen Garten, \u00fcber 40 Jahre Erfahrung in der  Kinderladenarbeit und Begeisterung an der Arbeit mit Kindern.\u00a0<br> <br> Projektarbeit, Basteln, musikalische Fr\u00fcherziehung und Turnen geh\u00f6ren  ebenso zu unserem Alltag wie p\u00e4dagogische Beratung und eine j\u00e4hrliche  Kinderreise.<\/p>\n\n\n\n<p><strong>Wir bieten im Kinderladen immer wieder Praktikumspl\u00e4tze, Festeinstellungen, BufDi-Stellen und weitere Minijob-Positionen an. Melde Dich einfach per Mail unter <a href=\"mailto: info@ekt-galvanistrasse.de\">info@ekt-galvanistrasse.de<\/a> bei Sonja Nardenbach oder per Telefon 3425111 und vielleicht k\u00f6nnen wir Dich demn\u00e4chst in unserem Team willkommen hei\u00dfen.<br> <\/strong><\/p>\n\n\n\n<h2 class=\"wp-block-heading\"><strong>\u00d6ffnungs- &amp; Schlie\u00dfzeiten vom Kinderladen<\/strong><\/h2>\n\n\n\n<p>Wir sind f\u00fcr Euch von Montag bis Freitag von 07:30h bis 16:30h da.<\/p>\n\n\n\n<p>Zwei Wochen Schlie\u00dfzeit w\u00e4hrend der Sommerschulferien und \u00fcber die Weihnachtsfeiertage.<\/p>\n","protected":false},"excerpt":{"rendered":"<p>Herzlich Willkommen in unserem Kinderladen in der Galvanistra\u00dfe 14! wir sind eine Eltern-Kindertagesst\u00e4tte&#8230;&nbsp; &#8230; mit zwei altershomogene Gruppen von je 10 bis 13 Kindern, die von unserem Team aus vier Erzieher\/innen und zwei Praktikant\/innen betreut werden. Als EKT (Eltern-Kindertagsst\u00e4tte) sind wir elternorganisiert, d.h. die Eltern tragen die Verantwortung f\u00fcr alles, was neben der Betreuung der &hellip; <\/p>\n<p class=\"link-more\"><a href=\"https:\/\/www.ekt-galvanistrasse.de\/ekt\/\" class=\"more-link\"><span class=\"screen-reader-text\">\u201e\u201c<\/span> weiterlesen<\/a><\/p>\n","protected":false},"author":1,"featured_media":0,"parent":0,"menu_order":0,"comment_status":"closed","ping_status":"closed","template":"","meta":{"footnotes":""},"class_list":["post-49","page","type-page","status-publish","hentry"],"_links":{"self":[{"href":"https:\/\/www.ekt-galvanistrasse.de\/ekt\/index.php?rest_route=\/wp\/v2\/pages\/49","targetHints":{"allow":["GET"]}}],"collection":[{"href":"https:\/\/www.ekt-galvanistrasse.de\/ekt\/index.php?rest_route=\/wp\/v2\/pages"}],"about":[{"href":"https:\/\/www.ekt-galvanistrasse.de\/ekt\/index.php?rest_route=\/wp\/v2\/types\/page"}],"author":[{"embeddable":true,"href":"https:\/\/www.ekt-galvanistrasse.de\/ekt\/index.php?rest_route=\/wp\/v2\/users\/1"}],"replies":[{"embeddable":true,"href":"https:\/\/www.ekt-galvanistrasse.de\/ekt\/index.php?rest_route=%2Fwp%2Fv2%2Fcomments&post=49"}],"version-history":[{"count":7,"href":"https:\/\/www.ekt-galvanistrasse.de\/ekt\/index.php?rest_route=\/wp\/v2\/pages\/49\/revisions"}],"predecessor-version":[{"id":980,"href":"https:\/\/www.ekt-galvanistrasse.de\/ekt\/index.php?rest_route=\/wp\/v2\/pages\/49\/revisions\/980"}],"wp:attachment":[{"href":"https:\/\/www.ekt-galvanistrasse.de\/ekt\/index.php?rest_route=%2Fwp%2Fv2%2Fmedia&parent=49"}],"curies":[{"name":"wp","href":"https:\/\/api.w.org\/{rel}","templated":true}]}}