{"id":65,"date":"2020-03-21T17:13:28","date_gmt":"2020-03-21T16:13:28","guid":{"rendered":"http:\/\/www.ekt-galvanistrasse.de\/ekt\/?page_id=65"},"modified":"2023-10-23T21:31:39","modified_gmt":"2023-10-23T19:31:39","slug":"elternarbeit","status":"publish","type":"page","link":"https:\/\/www.ekt-galvanistrasse.de\/ekt\/?page_id=65","title":{"rendered":"Elternarbeit"},"content":{"rendered":"\n<p>Elternmitarbeit:  Eltern kochen etwa alle zwei\/drei Wochen f\u00fcr eine Kindergruppe.  Au\u00dferdem k\u00f6nnen sich die Eltern bei verschiedenen Arbeiten, die im  Kinderladen anfallen, einbringen. Diese Arbeiten reichen von kleineren  Renovierungsarbeiten und M\u00fcllentsorgung \u00fcber N\u00e4harbeiten und M\u00f6belaufbau  bis hin zur tatkr\u00e4ftigen \u00dcnterst\u00fctzung bei Feiern im Kinderladen.<br> <br> Vorschule: F\u00fcr Kinder im letzten Kinderladenjahr bieten wir, neben der  t\u00e4glichen schulvorbereitenden Arbeit einen &#8222;echten&#8220; Vorschultag an.<\/p>\n\n\n\n<p>Als EKT (Eltern-Kindertagsst\u00e4tte) sind wir elternorganisiert, d.h. die  Eltern tragen die Verantwortung f\u00fcr alles, was neben der Betreuung der  Kinder anf\u00e4llt. Themen wie Personal, Finanzierung, Wahl des Vorstandes,  Aus\u00fcbung der Vorstandst\u00e4tigkeit und weitere organisatorische  Angelegenheiten werden in Mitgliederversammlungen diskutiert und  beschlossen.<br> <br> Ein Kinderladen lebt durch die Zusammenarbeit von Eltern und Erziehern.  Hieraus entsteht unter anderem ein enger Kontakt der Eltern  untereinander und ein soziales Gef\u00fcge, in dem wir uns gegenseitig  unterst\u00fctzen.<\/p>\n\n\n\n<p> Zur Finanzierung des Vereins bezahlt jedes Mitglied einen Mitgliedsbeitrag in H\u00f6he von<br> 70 \u20ac. Darin enthalten sind der \u00fcberdurchschnittliche Personalschl\u00fcssel,  s\u00e4mtliche Aktivit\u00e4ten der Kinder, das gemeinsame Fr\u00fchst\u00fcck, die  w\u00f6chentliche musikalische Fr\u00fcherziehung, Turnen und die durchgehende  Betreuung vor allem w\u00e4hrend der Sommerzeit.<\/p>\n\n\n\n<figure class=\"wp-block-table\"><table><tbody><tr><td><a target=\"_blank\" href=\"http:\/\/www.kinderladen-charlottenburg.de\/Satzung_EKT_Galvani_2009_02_26.pdf\" rel=\"noreferrer noopener\"><\/a><\/td><td><a rel=\"noreferrer noopener\" href=\"https:\/\/www.ekt-galvanistrasse.de\/ekt\/wp-content\/uploads\/2020\/07\/neue-Satzung-1.doc\" target=\"_blank\">Unsere aktuelle Satzung zum Download<\/a>             &nbsp;<br><br><\/td><\/tr><\/tbody><\/table><\/figure>\n\n\n\n<p> Link zur Lebensmittelpersonal-Beratungsstelle des Bezirksamtes f\u00fcr  die erforderliche Erstbelehrung nach \u00a7 43 Infektionsschutzgesetz (ehem.  Gesundheits-Pass\/ Rote Karte) und die Belehrungen gem\u00e4\u00df \u00a7 43 Infektionsschutzgesetz in diversen Sprachen (am Ende der Seite): <a href=\"http:\/\/www.berlin.de\/ba-charlottenburg-wilmersdorf\/verwaltung\/aemter\/gesundheitsamt\/lebensmittelpersonal-beratung\/\" target=\"_blank\" rel=\"noreferrer noopener\">Hier<\/a><\/p>\n\n\n\n<pre class=\"wp-block-code\"><code><\/code><\/pre>\n","protected":false},"excerpt":{"rendered":"<p>Elternmitarbeit: Eltern kochen etwa alle zwei\/drei Wochen f\u00fcr eine Kindergruppe. Au\u00dferdem k\u00f6nnen sich die Eltern bei verschiedenen Arbeiten, die im Kinderladen anfallen, einbringen. Diese Arbeiten reichen von kleineren Renovierungsarbeiten und M\u00fcllentsorgung \u00fcber N\u00e4harbeiten und M\u00f6belaufbau bis hin zur tatkr\u00e4ftigen \u00dcnterst\u00fctzung bei Feiern im Kinderladen. Vorschule: F\u00fcr Kinder im letzten Kinderladenjahr bieten wir, neben der t\u00e4glichen &hellip; <\/p>\n<p class=\"link-more\"><a href=\"https:\/\/www.ekt-galvanistrasse.de\/ekt\/?page_id=65\" class=\"more-link\"><span class=\"screen-reader-text\">\u201eElternarbeit\u201c<\/span> weiterlesen<\/a><\/p>\n","protected":false},"author":1,"featured_media":0,"parent":0,"menu_order":0,"comment_status":"closed","ping_status":"closed","template":"","meta":{"footnotes":""},"class_list":["post-65","page","type-page","status-publish","hentry"],"_links":{"self":[{"href":"https:\/\/www.ekt-galvanistrasse.de\/ekt\/index.php?rest_route=\/wp\/v2\/pages\/65","targetHints":{"allow":["GET"]}}],"collection":[{"href":"https:\/\/www.ekt-galvanistrasse.de\/ekt\/index.php?rest_route=\/wp\/v2\/pages"}],"about":[{"href":"https:\/\/www.ekt-galvanistrasse.de\/ekt\/index.php?rest_route=\/wp\/v2\/types\/page"}],"author":[{"embeddable":true,"href":"https:\/\/www.ekt-galvanistrasse.de\/ekt\/index.php?rest_route=\/wp\/v2\/users\/1"}],"replies":[{"embeddable":true,"href":"https:\/\/www.ekt-galvanistrasse.de\/ekt\/index.php?rest_route=%2Fwp%2Fv2%2Fcomments&post=65"}],"version-history":[{"count":9,"href":"https:\/\/www.ekt-galvanistrasse.de\/ekt\/index.php?rest_route=\/wp\/v2\/pages\/65\/revisions"}],"predecessor-version":[{"id":984,"href":"https:\/\/www.ekt-galvanistrasse.de\/ekt\/index.php?rest_route=\/wp\/v2\/pages\/65\/revisions\/984"}],"wp:attachment":[{"href":"https:\/\/www.ekt-galvanistrasse.de\/ekt\/index.php?rest_route=%2Fwp%2Fv2%2Fmedia&parent=65"}],"curies":[{"name":"wp","href":"https:\/\/api.w.org\/{rel}","templated":true}]}}